{"id":160,"date":"2026-03-09T12:00:19","date_gmt":"2026-03-09T11:00:19","guid":{"rendered":"https:\/\/reze-steanne-stjoseph.fr\/?page_id=160"},"modified":"2026-03-09T15:03:52","modified_gmt":"2026-03-09T14:03:52","slug":"inscriptions-2014-2015","status":"publish","type":"page","link":"https:\/\/reze-steanne-stjoseph.fr\/?page_id=160","title":{"rendered":"Inscriptions 2026-2027"},"content":{"rendered":"<p>Choisir une \u00e9cole est une d\u00e9cision importante. Pour \u00e9clairer votre choix, cet article vous apportera de nombreuses informations pour d\u00e9couvrir notre \u00e9cole. Les documents ont \u00e9t\u00e9 r\u00e9alis\u00e9s pour l&#8217;ann\u00e9e scolaire 2025-2026 et pourront certainement \u00eatre l\u00e9g\u00e8rement modifi\u00e9s pour la prochaine ann\u00e9e scolaire mais vous aurez les grandes lignes. Naviguer sur le site internet de l&#8217;\u00e9cole vous permettra de d\u00e9couvrir nos projets.&nbsp;<\/p>\n<p>Si vous \u00eates une nouvelle famille souhaitant inscrire son ou ses enfant(s) \u00e0 l&#8217;\u00e9cole pour l&#8217;ann\u00e9e scolaire 2026-2027, merci de suivre le lien de pr\u00e9-inscription ci-dessous puis vous pourrez contacter Mme Dupanier, cheffe d&#8217;\u00e9tablissement, au 07 57 40 41 06 ou par mail \u00e0 l&#8217;adresse suivante : 0441298x@ec44.fr pour prendre contact (merci de privil\u00e9gier lundi et mardi, jours d\u00e9charg\u00e9s de classe).<\/p>\n<p><strong>Lien pour les pr\u00e9-inscriptions<\/strong>&nbsp;:<strong>&nbsp;<\/strong><a href=\"https:\/\/preinscriptions.ecoledirecte.com\/?RNE=0440231M&amp;ETAB=ECOLE\"><strong>https:\/\/preinscriptions.ecoledirecte.com\/?RNE=0440231M&amp;ETAB=ECOLE<\/strong><\/a><\/p>\n<p>Des Portes Ouvertes <strong>pour la maternelle<\/strong> ont eu lieu <strong>vendredi 10 octobre 2025 de 17h \u00e0 19h <\/strong>en parall\u00e8le de celles du coll\u00e8ge. Les Portes Ouvertes <strong>du groupe scolaire<\/strong> (\u00e9cole et coll\u00e8ge Ste Anne) ont eu lieu le <strong>samedi 7 mars 2026 de 9h30 \u00e0 12h.<\/strong><\/p>\n<p>Pour la rentr\u00e9e 2026-2027, vous trouverez dans les documents ci-dessous (PDF \u00e0 faire d\u00e9filer) les informations sur l&#8217;\u00e9cole, la rentr\u00e9e des PS, le r\u00e8glement int\u00e9rieur, l&#8217;accueil p\u00e9riscolaire, la restauration, l&#8217;accueil du mercredi et les listes de fournitures demand\u00e9es aux familles :&nbsp;<\/p>\n<ul>\n<li>La pr\u00e9sentation g\u00e9n\u00e9rale de l&#8217;\u00e9cole : <iframe src=\"\/\/docs.google.com\/viewer?url=https%3A%2F%2Freze-steanne-stjoseph.fr%2Fwp-content%2Fuploads%2F2024%2F09%2FPresentation-de-lecole.pdf&hl=fr&embedded=true\" class=\"gde-frame\" style=\"width:100%; height:500px; border: none;\" scrolling=\"no\"><\/iframe>\n<p class=\"gde-text\"><a href=\"https:\/\/reze-steanne-stjoseph.fr\/wp-content\/uploads\/2024\/09\/Presentation-de-lecole.pdf\" class=\"gde-link\">T\u00e9l\u00e9charger (PDF, 395KB)<\/a><\/p><\/li>\n<li>La rentr\u00e9e des Petites Sections : <iframe src=\"\/\/docs.google.com\/viewer?url=https%3A%2F%2Freze-steanne-stjoseph.fr%2Fwp-content%2Fuploads%2F2022%2F05%2FLentree-en-PS.pdf&hl=fr&embedded=true\" class=\"gde-frame\" style=\"width:100%; height:500px; border: none;\" scrolling=\"no\"><\/iframe>\n<p class=\"gde-text\"><a href=\"https:\/\/reze-steanne-stjoseph.fr\/wp-content\/uploads\/2022\/05\/Lentree-en-PS.pdf\" class=\"gde-link\">T\u00e9l\u00e9charger (PDF, 324KB)<\/a><\/p><\/li>\n<li>Le r\u00e8glement int\u00e9rieur : <iframe src=\"\/\/docs.google.com\/viewer?url=https%3A%2F%2Freze-steanne-stjoseph.fr%2Fwp-content%2Fuploads%2F2024%2F09%2Freglement-interieur-25-26.pdf&hl=fr&embedded=true\" class=\"gde-frame\" style=\"width:100%; height:500px; border: none;\" scrolling=\"no\"><\/iframe>\n<p class=\"gde-text\"><a href=\"https:\/\/reze-steanne-stjoseph.fr\/wp-content\/uploads\/2024\/09\/reglement-interieur-25-26.pdf\" class=\"gde-link\">T\u00e9l\u00e9charger (PDF, 339KB)<\/a><\/p><\/li>\n<li>L&#8217;accueil p\u00e9riscolaire : <iframe src=\"\/\/docs.google.com\/viewer?url=https%3A%2F%2Freze-steanne-stjoseph.fr%2Fwp-content%2Fuploads%2F2024%2F09%2Freglement-accueil-periscolaire-2025-2026.pdf&hl=fr&embedded=true\" class=\"gde-frame\" style=\"width:100%; height:500px; border: none;\" scrolling=\"no\"><\/iframe>\n<p class=\"gde-text\"><a href=\"https:\/\/reze-steanne-stjoseph.fr\/wp-content\/uploads\/2024\/09\/reglement-accueil-periscolaire-2025-2026.pdf\" class=\"gde-link\">T\u00e9l\u00e9charger (PDF, 87KB)<\/a><\/p><\/li>\n<li>La restauration : <iframe src=\"\/\/docs.google.com\/viewer?url=https%3A%2F%2Freze-steanne-stjoseph.fr%2Fwp-content%2Fuploads%2F2024%2F09%2Freglement-restauration-2025-2026.pdf&hl=fr&embedded=true\" class=\"gde-frame\" style=\"width:100%; height:500px; border: none;\" scrolling=\"no\"><\/iframe>\n<p class=\"gde-text\"><a href=\"https:\/\/reze-steanne-stjoseph.fr\/wp-content\/uploads\/2024\/09\/reglement-restauration-2025-2026.pdf\" class=\"gde-link\">T\u00e9l\u00e9charger (PDF, 174KB)<\/a><\/p><\/li>\n<li>L&#8217;accueil du mercredi matin : <iframe src=\"\/\/docs.google.com\/viewer?url=https%3A%2F%2Freze-steanne-stjoseph.fr%2Fwp-content%2Fuploads%2F2024%2F09%2Freglement-accueil-mercredi-matin-25-26.pdf&hl=fr&embedded=true\" class=\"gde-frame\" style=\"width:100%; height:500px; border: none;\" scrolling=\"no\"><\/iframe>\n<p class=\"gde-text\"><a href=\"https:\/\/reze-steanne-stjoseph.fr\/wp-content\/uploads\/2024\/09\/reglement-accueil-mercredi-matin-25-26.pdf\" class=\"gde-link\">T\u00e9l\u00e9charger (PDF, 184KB)<\/a><\/p><\/li>\n<li>Les fournitures des PS : <iframe src=\"\/\/docs.google.com\/viewer?url=https%3A%2F%2Freze-steanne-stjoseph.fr%2Fwp-content%2Fuploads%2F2024%2F09%2Ffournitures-PS-2025-2026.pdf&hl=fr&embedded=true\" class=\"gde-frame\" style=\"width:100%; height:500px; border: none;\" scrolling=\"no\"><\/iframe>\n<p class=\"gde-text\"><a href=\"https:\/\/reze-steanne-stjoseph.fr\/wp-content\/uploads\/2024\/09\/fournitures-PS-2025-2026.pdf\" class=\"gde-link\">T\u00e9l\u00e9charger (PDF, 162KB)<\/a><\/p><\/li>\n<li>Les fournitures des MS : <iframe src=\"\/\/docs.google.com\/viewer?url=https%3A%2F%2Freze-steanne-stjoseph.fr%2Fwp-content%2Fuploads%2F2024%2F09%2Ffournitures-MS-2025-2026.pdf&hl=fr&embedded=true\" class=\"gde-frame\" style=\"width:100%; height:500px; border: none;\" scrolling=\"no\"><\/iframe>\n<p class=\"gde-text\"><a href=\"https:\/\/reze-steanne-stjoseph.fr\/wp-content\/uploads\/2024\/09\/fournitures-MS-2025-2026.pdf\" class=\"gde-link\">T\u00e9l\u00e9charger (PDF, 135KB)<\/a><\/p><\/li>\n<li>Les fournitures des GS : <iframe src=\"\/\/docs.google.com\/viewer?url=https%3A%2F%2Freze-steanne-stjoseph.fr%2Fwp-content%2Fuploads%2F2025%2F05%2Ffournitures-GS-2025-2026.pdf&hl=fr&embedded=true\" class=\"gde-frame\" style=\"width:100%; height:500px; border: none;\" scrolling=\"no\"><\/iframe>\n<p class=\"gde-text\"><a href=\"https:\/\/reze-steanne-stjoseph.fr\/wp-content\/uploads\/2025\/05\/fournitures-GS-2025-2026.pdf\" class=\"gde-link\">T\u00e9l\u00e9charger (PDF, 142KB)<\/a><\/p><\/li>\n<li>Les fournitures du CP au CM2 : <iframe src=\"\/\/docs.google.com\/viewer?url=https%3A%2F%2Freze-steanne-stjoseph.fr%2Fwp-content%2Fuploads%2F2025%2F05%2Ffournitures-CP-a-CM2-2025-2026.pdf&hl=fr&embedded=true\" class=\"gde-frame\" style=\"width:100%; height:500px; border: none;\" scrolling=\"no\"><\/iframe>\n<p class=\"gde-text\"><a href=\"https:\/\/reze-steanne-stjoseph.fr\/wp-content\/uploads\/2025\/05\/fournitures-CP-a-CM2-2025-2026.pdf\" class=\"gde-link\">T\u00e9l\u00e9charger (PDF, 163KB)<\/a><\/p><\/li>\n<\/ul>\n<p>&nbsp;<\/p>\n<p>&nbsp;<\/p>\n","protected":false},"excerpt":{"rendered":"<p>Choisir une \u00e9cole est une d\u00e9cision importante. Pour \u00e9clairer votre choix, cet article vous apportera de nombreuses informations pour d\u00e9couvrir [&hellip;]<\/p>\n","protected":false},"author":16,"featured_media":0,"parent":0,"menu_order":0,"comment_status":"closed","ping_status":"closed","template":"","meta":{"_uag_custom_page_level_css":"","site-sidebar-layout":"default","site-content-layout":"","ast-site-content-layout":"default","site-content-style":"default","site-sidebar-style":"default","ast-global-header-display":"","ast-banner-title-visibility":"","ast-main-header-display":"","ast-hfb-above-header-display":"","ast-hfb-below-header-display":"","ast-hfb-mobile-header-display":"","site-post-title":"","ast-breadcrumbs-content":"","ast-featured-img":"","footer-sml-layout":"","ast-disable-related-posts":"","theme-transparent-header-meta":"","adv-header-id-meta":"","stick-header-meta":"","header-above-stick-meta":"","header-main-stick-meta":"","header-below-stick-meta":"","astra-migrate-meta-layouts":"default","ast-page-background-enabled":"default","ast-page-background-meta":{"desktop":{"background-color":"var(--ast-global-color-5)","background-image":"","background-repeat":"repeat","background-position":"center center","background-size":"auto","background-attachment":"scroll","background-type":"","background-media":"","overlay-type":"","overlay-color":"","overlay-opacity":"","overlay-gradient":""},"tablet":{"background-color":"","background-image":"","background-repeat":"repeat","background-position":"center center","background-size":"auto","background-attachment":"scroll","background-type":"","background-media":"","overlay-type":"","overlay-color":"","overlay-opacity":"","overlay-gradient":""},"mobile":{"background-color":"","background-image":"","background-repeat":"repeat","background-position":"center center","background-size":"auto","background-attachment":"scroll","background-type":"","background-media":"","overlay-type":"","overlay-color":"","overlay-opacity":"","overlay-gradient":""}},"ast-content-background-meta":{"desktop":{"background-color":"var(--ast-global-color-4)","background-image":"","background-repeat":"repeat","background-position":"center center","background-size":"auto","background-attachment":"scroll","background-type":"","background-media":"","overlay-type":"","overlay-color":"","overlay-opacity":"","overlay-gradient":""},"tablet":{"background-color":"var(--ast-global-color-4)","background-image":"","background-repeat":"repeat","background-position":"center center","background-size":"auto","background-attachment":"scroll","background-type":"","background-media":"","overlay-type":"","overlay-color":"","overlay-opacity":"","overlay-gradient":""},"mobile":{"background-color":"var(--ast-global-color-4)","background-image":"","background-repeat":"repeat","background-position":"center center","background-size":"auto","background-attachment":"scroll","background-type":"","background-media":"","overlay-type":"","overlay-color":"","overlay-opacity":"","overlay-gradient":""}},"ngg_post_thumbnail":0,"footnotes":""},"class_list":["post-160","page","type-page","status-publish","hentry"],"uagb_featured_image_src":{"full":false,"thumbnail":false,"medium":false,"medium_large":false,"large":false,"1536x1536":false,"2048x2048":false},"uagb_author_info":{"display_name":"Florise","author_link":"https:\/\/reze-steanne-stjoseph.fr\/?author=16"},"uagb_comment_info":0,"uagb_excerpt":"Choisir une \u00e9cole est une d\u00e9cision importante. Pour \u00e9clairer votre choix, cet article vous apportera de nombreuses informations pour d\u00e9couvrir [&hellip;]","_links":{"self":[{"href":"https:\/\/reze-steanne-stjoseph.fr\/index.php?rest_route=\/wp\/v2\/pages\/160","targetHints":{"allow":["GET"]}}],"collection":[{"href":"https:\/\/reze-steanne-stjoseph.fr\/index.php?rest_route=\/wp\/v2\/pages"}],"about":[{"href":"https:\/\/reze-steanne-stjoseph.fr\/index.php?rest_route=\/wp\/v2\/types\/page"}],"author":[{"embeddable":true,"href":"https:\/\/reze-steanne-stjoseph.fr\/index.php?rest_route=\/wp\/v2\/users\/16"}],"replies":[{"embeddable":true,"href":"https:\/\/reze-steanne-stjoseph.fr\/index.php?rest_route=%2Fwp%2Fv2%2Fcomments&post=160"}],"version-history":[{"count":24,"href":"https:\/\/reze-steanne-stjoseph.fr\/index.php?rest_route=\/wp\/v2\/pages\/160\/revisions"}],"predecessor-version":[{"id":13590,"href":"https:\/\/reze-steanne-stjoseph.fr\/index.php?rest_route=\/wp\/v2\/pages\/160\/revisions\/13590"}],"wp:attachment":[{"href":"https:\/\/reze-steanne-stjoseph.fr\/index.php?rest_route=%2Fwp%2Fv2%2Fmedia&parent=160"}],"curies":[{"name":"wp","href":"https:\/\/api.w.org\/{rel}","templated":true}]}}