{"id":31,"date":"2015-03-27T11:49:26","date_gmt":"2015-03-27T10:49:26","guid":{"rendered":"https:\/\/reze-steanne-stjoseph.fr\/?page_id=31"},"modified":"2023-03-22T12:13:54","modified_gmt":"2023-03-22T11:13:54","slug":"ou-sommes-nous","status":"publish","type":"page","link":"https:\/\/reze-steanne-stjoseph.fr\/?page_id=31","title":{"rendered":"O\u00f9 sommes-nous ?"},"content":{"rendered":"<p><strong>L&#8217;\u00e9cole maternelle<\/strong> <strong>(PS \u00e0 la GS)<\/strong> se situe au :&nbsp;<\/p>\n<p>11 rue St Lupien (entr\u00e9e par le chemin en contre-bas \u00e0 l&#8217;angle du parking Saint Lupien)<\/p>\n<p>44400 Rez\u00e9<\/p>\n<p><strong>L&#8217;\u00e9cole \u00e9l\u00e9mentaire (CP \u00e0 CM2)<\/strong> se situe au :<\/p>\n<p>8 rue Camille Jouis<br \/>\n44400 Rez\u00e9<\/p>\n<iframe src=\"\/\/docs.google.com\/viewer?url=https%3A%2F%2Freze-steanne-stjoseph.fr%2Fwp-content%2Fuploads%2F2023%2F03%2Fsites.pdf&hl=fr&embedded=true\" class=\"gde-frame\" style=\"width:100%; height:500px; border: none;\" scrolling=\"no\"><\/iframe>\n<p class=\"gde-text\"><a href=\"https:\/\/reze-steanne-stjoseph.fr\/wp-content\/uploads\/2023\/03\/sites.pdf\" class=\"gde-link\">T\u00e9l\u00e9charger (PDF, 105KB)<\/a><\/p>\n","protected":false},"excerpt":{"rendered":"<p>L&#8217;\u00e9cole maternelle (PS \u00e0 la GS) se situe au :&nbsp; 11 rue St Lupien (entr\u00e9e par le chemin en contre-bas [&hellip;]<\/p>\n","protected":false},"author":1,"featured_media":0,"parent":0,"menu_order":0,"comment_status":"closed","ping_status":"closed","template":"","meta":{"_uag_custom_page_level_css":"","site-sidebar-layout":"default","site-content-layout":"","ast-site-content-layout":"default","site-content-style":"default","site-sidebar-style":"default","ast-global-header-display":"","ast-banner-title-visibility":"","ast-main-header-display":"","ast-hfb-above-header-display":"","ast-hfb-below-header-display":"","ast-hfb-mobile-header-display":"","site-post-title":"","ast-breadcrumbs-content":"","ast-featured-img":"","footer-sml-layout":"","ast-disable-related-posts":"","theme-transparent-header-meta":"","adv-header-id-meta":"","stick-header-meta":"","header-above-stick-meta":"","header-main-stick-meta":"","header-below-stick-meta":"","astra-migrate-meta-layouts":"default","ast-page-background-enabled":"default","ast-page-background-meta":{"desktop":{"background-color":"var(--ast-global-color-5)","background-image":"","background-repeat":"repeat","background-position":"center center","background-size":"auto","background-attachment":"scroll","background-type":"","background-media":"","overlay-type":"","overlay-color":"","overlay-opacity":"","overlay-gradient":""},"tablet":{"background-color":"","background-image":"","background-repeat":"repeat","background-position":"center center","background-size":"auto","background-attachment":"scroll","background-type":"","background-media":"","overlay-type":"","overlay-color":"","overlay-opacity":"","overlay-gradient":""},"mobile":{"background-color":"","background-image":"","background-repeat":"repeat","background-position":"center center","background-size":"auto","background-attachment":"scroll","background-type":"","background-media":"","overlay-type":"","overlay-color":"","overlay-opacity":"","overlay-gradient":""}},"ast-content-background-meta":{"desktop":{"background-color":"var(--ast-global-color-4)","background-image":"","background-repeat":"repeat","background-position":"center center","background-size":"auto","background-attachment":"scroll","background-type":"","background-media":"","overlay-type":"","overlay-color":"","overlay-opacity":"","overlay-gradient":""},"tablet":{"background-color":"var(--ast-global-color-4)","background-image":"","background-repeat":"repeat","background-position":"center center","background-size":"auto","background-attachment":"scroll","background-type":"","background-media":"","overlay-type":"","overlay-color":"","overlay-opacity":"","overlay-gradient":""},"mobile":{"background-color":"var(--ast-global-color-4)","background-image":"","background-repeat":"repeat","background-position":"center center","background-size":"auto","background-attachment":"scroll","background-type":"","background-media":"","overlay-type":"","overlay-color":"","overlay-opacity":"","overlay-gradient":""}},"ngg_post_thumbnail":0,"footnotes":""},"class_list":["post-31","page","type-page","status-publish","hentry"],"uagb_featured_image_src":{"full":false,"thumbnail":false,"medium":false,"medium_large":false,"large":false,"1536x1536":false,"2048x2048":false},"uagb_author_info":{"display_name":"ecoly","author_link":"https:\/\/reze-steanne-stjoseph.fr\/?author=1"},"uagb_comment_info":0,"uagb_excerpt":"L&#8217;\u00e9cole maternelle (PS \u00e0 la GS) se situe au :&nbsp; 11 rue St Lupien (entr\u00e9e par le chemin en contre-bas [&hellip;]","_links":{"self":[{"href":"https:\/\/reze-steanne-stjoseph.fr\/index.php?rest_route=\/wp\/v2\/pages\/31","targetHints":{"allow":["GET"]}}],"collection":[{"href":"https:\/\/reze-steanne-stjoseph.fr\/index.php?rest_route=\/wp\/v2\/pages"}],"about":[{"href":"https:\/\/reze-steanne-stjoseph.fr\/index.php?rest_route=\/wp\/v2\/types\/page"}],"author":[{"embeddable":true,"href":"https:\/\/reze-steanne-stjoseph.fr\/index.php?rest_route=\/wp\/v2\/users\/1"}],"replies":[{"embeddable":true,"href":"https:\/\/reze-steanne-stjoseph.fr\/index.php?rest_route=%2Fwp%2Fv2%2Fcomments&post=31"}],"version-history":[{"count":2,"href":"https:\/\/reze-steanne-stjoseph.fr\/index.php?rest_route=\/wp\/v2\/pages\/31\/revisions"}],"predecessor-version":[{"id":9832,"href":"https:\/\/reze-steanne-stjoseph.fr\/index.php?rest_route=\/wp\/v2\/pages\/31\/revisions\/9832"}],"wp:attachment":[{"href":"https:\/\/reze-steanne-stjoseph.fr\/index.php?rest_route=%2Fwp%2Fv2%2Fmedia&parent=31"}],"curies":[{"name":"wp","href":"https:\/\/api.w.org\/{rel}","templated":true}]}}