{"id":59,"date":"2025-09-22T11:34:36","date_gmt":"2025-09-22T10:34:36","guid":{"rendered":"https:\/\/reze-steanne-stjoseph.fr\/?page_id=59"},"modified":"2025-09-22T13:54:24","modified_gmt":"2025-09-22T12:54:24","slug":"lo-g-e-c","status":"publish","type":"page","link":"https:\/\/reze-steanne-stjoseph.fr\/?page_id=59","title":{"rendered":"L&#8217;O.G.E.C."},"content":{"rendered":"<p>L&#8217;Organisme de Gestion de l&#8217;Enseignement Catholique (OGEC) est une association de parents d&#8217;\u00e9l\u00e8ves qui accompagne les chefs d&#8217;\u00e9tablissement pour :<\/p>\n<ul>\n<li>la gestion des budgets&nbsp;<\/li>\n<li>le suivi des travaux et de la r\u00e9novation des b\u00e2timents<\/li>\n<li>l&#8217;emploi du personnel OGEC (ASEM, surveillants &#8230;)<\/li>\n<\/ul>\n<p>Le Conseil d&#8217;Administration est compos\u00e9 d&#8217;un bureau et de membres actifs. Il se r\u00e9unit 6-7 fois par an.&nbsp;<\/p>\n<p>Vincent Pinel, pr\u00e9sident<\/p>\n<p>Julien Coubard, secr\u00e9taire<\/p>\n<p>Pascal Lucas, tr\u00e9sorier<\/p>\n<p>Membres actifs : Ad\u00e9lie F\u00e8vre, Amel Salhi, Ga\u00ebl Nahelou, Fran\u00e7ois Chesneau<\/p>\n","protected":false},"excerpt":{"rendered":"<p>L&#8217;Organisme de Gestion de l&#8217;Enseignement Catholique (OGEC) est une association de parents d&#8217;\u00e9l\u00e8ves qui accompagne les chefs d&#8217;\u00e9tablissement pour : [&hellip;]<\/p>\n","protected":false},"author":16,"featured_media":0,"parent":0,"menu_order":0,"comment_status":"closed","ping_status":"closed","template":"","meta":{"_uag_custom_page_level_css":"","site-sidebar-layout":"default","site-content-layout":"","ast-site-content-layout":"default","site-content-style":"default","site-sidebar-style":"default","ast-global-header-display":"","ast-banner-title-visibility":"","ast-main-header-display":"","ast-hfb-above-header-display":"","ast-hfb-below-header-display":"","ast-hfb-mobile-header-display":"","site-post-title":"","ast-breadcrumbs-content":"","ast-featured-img":"","footer-sml-layout":"","ast-disable-related-posts":"","theme-transparent-header-meta":"","adv-header-id-meta":"","stick-header-meta":"","header-above-stick-meta":"","header-main-stick-meta":"","header-below-stick-meta":"","astra-migrate-meta-layouts":"default","ast-page-background-enabled":"default","ast-page-background-meta":{"desktop":{"background-color":"var(--ast-global-color-5)","background-image":"","background-repeat":"repeat","background-position":"center center","background-size":"auto","background-attachment":"scroll","background-type":"","background-media":"","overlay-type":"","overlay-color":"","overlay-opacity":"","overlay-gradient":""},"tablet":{"background-color":"","background-image":"","background-repeat":"repeat","background-position":"center center","background-size":"auto","background-attachment":"scroll","background-type":"","background-media":"","overlay-type":"","overlay-color":"","overlay-opacity":"","overlay-gradient":""},"mobile":{"background-color":"","background-image":"","background-repeat":"repeat","background-position":"center center","background-size":"auto","background-attachment":"scroll","background-type":"","background-media":"","overlay-type":"","overlay-color":"","overlay-opacity":"","overlay-gradient":""}},"ast-content-background-meta":{"desktop":{"background-color":"var(--ast-global-color-4)","background-image":"","background-repeat":"repeat","background-position":"center center","background-size":"auto","background-attachment":"scroll","background-type":"","background-media":"","overlay-type":"","overlay-color":"","overlay-opacity":"","overlay-gradient":""},"tablet":{"background-color":"var(--ast-global-color-4)","background-image":"","background-repeat":"repeat","background-position":"center center","background-size":"auto","background-attachment":"scroll","background-type":"","background-media":"","overlay-type":"","overlay-color":"","overlay-opacity":"","overlay-gradient":""},"mobile":{"background-color":"var(--ast-global-color-4)","background-image":"","background-repeat":"repeat","background-position":"center center","background-size":"auto","background-attachment":"scroll","background-type":"","background-media":"","overlay-type":"","overlay-color":"","overlay-opacity":"","overlay-gradient":""}},"ngg_post_thumbnail":0,"footnotes":""},"class_list":["post-59","page","type-page","status-publish","hentry"],"uagb_featured_image_src":{"full":false,"thumbnail":false,"medium":false,"medium_large":false,"large":false,"1536x1536":false,"2048x2048":false},"uagb_author_info":{"display_name":"Florise","author_link":"https:\/\/reze-steanne-stjoseph.fr\/?author=16"},"uagb_comment_info":0,"uagb_excerpt":"L&#8217;Organisme de Gestion de l&#8217;Enseignement Catholique (OGEC) est une association de parents d&#8217;\u00e9l\u00e8ves qui accompagne les chefs d&#8217;\u00e9tablissement pour : [&hellip;]","_links":{"self":[{"href":"https:\/\/reze-steanne-stjoseph.fr\/index.php?rest_route=\/wp\/v2\/pages\/59","targetHints":{"allow":["GET"]}}],"collection":[{"href":"https:\/\/reze-steanne-stjoseph.fr\/index.php?rest_route=\/wp\/v2\/pages"}],"about":[{"href":"https:\/\/reze-steanne-stjoseph.fr\/index.php?rest_route=\/wp\/v2\/types\/page"}],"author":[{"embeddable":true,"href":"https:\/\/reze-steanne-stjoseph.fr\/index.php?rest_route=\/wp\/v2\/users\/16"}],"replies":[{"embeddable":true,"href":"https:\/\/reze-steanne-stjoseph.fr\/index.php?rest_route=%2Fwp%2Fv2%2Fcomments&post=59"}],"version-history":[{"count":4,"href":"https:\/\/reze-steanne-stjoseph.fr\/index.php?rest_route=\/wp\/v2\/pages\/59\/revisions"}],"predecessor-version":[{"id":12806,"href":"https:\/\/reze-steanne-stjoseph.fr\/index.php?rest_route=\/wp\/v2\/pages\/59\/revisions\/12806"}],"wp:attachment":[{"href":"https:\/\/reze-steanne-stjoseph.fr\/index.php?rest_route=%2Fwp%2Fv2%2Fmedia&parent=59"}],"curies":[{"name":"wp","href":"https:\/\/api.w.org\/{rel}","templated":true}]}}