{"id":68,"date":"2015-03-29T11:56:28","date_gmt":"2015-03-29T10:56:28","guid":{"rendered":"https:\/\/reze-steanne-stjoseph.fr\/?page_id=68"},"modified":"2017-10-16T07:58:26","modified_gmt":"2017-10-16T06:58:26","slug":"le-college-ste-anne","status":"publish","type":"page","link":"https:\/\/reze-steanne-stjoseph.fr\/?page_id=68","title":{"rendered":"Le coll\u00e8ge Ste Anne"},"content":{"rendered":"<p><a href=\"http:\/\/steanne-reze.loire-atlantique.e-lyco.fr\/\">Le coll\u00e8ge Ste Anne <\/a>permet aux \u00e9l\u00e8ves scolaris\u00e9s \u00e0 l&#8217;\u00e9cole Ste Anne &#8211; St Joseph de poursuivre leur scolarit\u00e9 au del\u00e0 de la classe de CM2.<\/p>\n<p>Des liens \u00e9troits existent entre les enseignants de l&#8217;\u00e9cole et du coll\u00e8ge et de nombreux projets communs sont r\u00e9alis\u00e9s:<\/p>\n<p>&#8211; rallye-lecture CM2-6\u00e8<\/p>\n<p>&#8211; s\u00e9ances de sciences anim\u00e9es par des coll\u00e9giens pour les \u00e9l\u00e8ves de cycle 3 (CE2 \u00e0 CM2)<\/p>\n<p>&#8211; sorties communes en histoire et histoire des arts<\/p>\n<p>&#8230;.<\/p>\n<p>Pour visiter le site du coll\u00e8ge, <a href=\"http:\/\/steanne-reze.loire-atlantique.e-lyco.fr\/\">cliquer ici.<\/a><\/p>\n","protected":false},"excerpt":{"rendered":"<p>Le coll\u00e8ge Ste Anne permet aux \u00e9l\u00e8ves scolaris\u00e9s \u00e0 l&#8217;\u00e9cole Ste Anne &#8211; St Joseph de poursuivre leur scolarit\u00e9 au [&hellip;]<\/p>\n","protected":false},"author":16,"featured_media":0,"parent":0,"menu_order":0,"comment_status":"closed","ping_status":"closed","template":"","meta":{"_uag_custom_page_level_css":"","site-sidebar-layout":"default","site-content-layout":"","ast-site-content-layout":"default","site-content-style":"default","site-sidebar-style":"default","ast-global-header-display":"","ast-banner-title-visibility":"","ast-main-header-display":"","ast-hfb-above-header-display":"","ast-hfb-below-header-display":"","ast-hfb-mobile-header-display":"","site-post-title":"","ast-breadcrumbs-content":"","ast-featured-img":"","footer-sml-layout":"","ast-disable-related-posts":"","theme-transparent-header-meta":"","adv-header-id-meta":"","stick-header-meta":"","header-above-stick-meta":"","header-main-stick-meta":"","header-below-stick-meta":"","astra-migrate-meta-layouts":"default","ast-page-background-enabled":"default","ast-page-background-meta":{"desktop":{"background-color":"var(--ast-global-color-5)","background-image":"","background-repeat":"repeat","background-position":"center center","background-size":"auto","background-attachment":"scroll","background-type":"","background-media":"","overlay-type":"","overlay-color":"","overlay-opacity":"","overlay-gradient":""},"tablet":{"background-color":"","background-image":"","background-repeat":"repeat","background-position":"center center","background-size":"auto","background-attachment":"scroll","background-type":"","background-media":"","overlay-type":"","overlay-color":"","overlay-opacity":"","overlay-gradient":""},"mobile":{"background-color":"","background-image":"","background-repeat":"repeat","background-position":"center center","background-size":"auto","background-attachment":"scroll","background-type":"","background-media":"","overlay-type":"","overlay-color":"","overlay-opacity":"","overlay-gradient":""}},"ast-content-background-meta":{"desktop":{"background-color":"var(--ast-global-color-4)","background-image":"","background-repeat":"repeat","background-position":"center center","background-size":"auto","background-attachment":"scroll","background-type":"","background-media":"","overlay-type":"","overlay-color":"","overlay-opacity":"","overlay-gradient":""},"tablet":{"background-color":"var(--ast-global-color-4)","background-image":"","background-repeat":"repeat","background-position":"center center","background-size":"auto","background-attachment":"scroll","background-type":"","background-media":"","overlay-type":"","overlay-color":"","overlay-opacity":"","overlay-gradient":""},"mobile":{"background-color":"var(--ast-global-color-4)","background-image":"","background-repeat":"repeat","background-position":"center center","background-size":"auto","background-attachment":"scroll","background-type":"","background-media":"","overlay-type":"","overlay-color":"","overlay-opacity":"","overlay-gradient":""}},"ngg_post_thumbnail":0,"footnotes":""},"class_list":["post-68","page","type-page","status-publish","hentry"],"uagb_featured_image_src":{"full":false,"thumbnail":false,"medium":false,"medium_large":false,"large":false,"1536x1536":false,"2048x2048":false},"uagb_author_info":{"display_name":"Florise","author_link":"https:\/\/reze-steanne-stjoseph.fr\/?author=16"},"uagb_comment_info":0,"uagb_excerpt":"Le coll\u00e8ge Ste Anne permet aux \u00e9l\u00e8ves scolaris\u00e9s \u00e0 l&#8217;\u00e9cole Ste Anne &#8211; St Joseph de poursuivre leur scolarit\u00e9 au [&hellip;]","_links":{"self":[{"href":"https:\/\/reze-steanne-stjoseph.fr\/index.php?rest_route=\/wp\/v2\/pages\/68","targetHints":{"allow":["GET"]}}],"collection":[{"href":"https:\/\/reze-steanne-stjoseph.fr\/index.php?rest_route=\/wp\/v2\/pages"}],"about":[{"href":"https:\/\/reze-steanne-stjoseph.fr\/index.php?rest_route=\/wp\/v2\/types\/page"}],"author":[{"embeddable":true,"href":"https:\/\/reze-steanne-stjoseph.fr\/index.php?rest_route=\/wp\/v2\/users\/16"}],"replies":[{"embeddable":true,"href":"https:\/\/reze-steanne-stjoseph.fr\/index.php?rest_route=%2Fwp%2Fv2%2Fcomments&post=68"}],"version-history":[{"count":0,"href":"https:\/\/reze-steanne-stjoseph.fr\/index.php?rest_route=\/wp\/v2\/pages\/68\/revisions"}],"wp:attachment":[{"href":"https:\/\/reze-steanne-stjoseph.fr\/index.php?rest_route=%2Fwp%2Fv2%2Fmedia&parent=68"}],"curies":[{"name":"wp","href":"https:\/\/api.w.org\/{rel}","templated":true}]}}