{"id":93,"date":"2026-04-21T10:00:24","date_gmt":"2026-04-21T09:00:24","guid":{"rendered":"https:\/\/reze-steanne-stjoseph.fr\/?page_id=93"},"modified":"2026-04-21T09:52:31","modified_gmt":"2026-04-21T08:52:31","slug":"la-cantine","status":"publish","type":"page","link":"https:\/\/reze-steanne-stjoseph.fr\/?page_id=93","title":{"rendered":"La cantine"},"content":{"rendered":"<p>Les enfants d\u00e9jeunent dans l&#8217;enceinte du coll\u00e8ge Ste Anne. C&#8217;est la soci\u00e9t\u00e9 Scolarest qui fournit les repas chaque jour pour les \u00e9l\u00e8ves de la maternelle au coll\u00e8ge.<\/p>\n<div>\n<div>Jusqu&#8217;au CP, les enfants ont une salle qui leur est r\u00e9serv\u00e9e, avec du mobilier adapt\u00e9. Ils sont servis \u00e0 table par 5 ASEM.<\/div>\n<div>&nbsp;<\/div>\n<div>Les enfants de l&#8217;\u00e9l\u00e9mentaire sont accompagn\u00e9s par le personnel OGEC.<\/div>\n<div>Ils se servent sur la ligne de self du coll\u00e8ge avant les coll\u00e9giens.<\/div>\n<\/div>\n<p>Pour consulter les menus de cantine, cliquer sur :<\/p>\n<iframe src=\"\/\/docs.google.com\/viewer?url=https%3A%2F%2Freze-steanne-stjoseph.fr%2Fwp-content%2Fuploads%2F2026%2F04%2FMenus-PS-MS-GS-CP-mai-juin-2026.pdf&hl=fr&embedded=true\" class=\"gde-frame\" style=\"width:100%; height:500px; border: none;\" scrolling=\"no\"><\/iframe>\n<p class=\"gde-text\"><a href=\"https:\/\/reze-steanne-stjoseph.fr\/wp-content\/uploads\/2026\/04\/Menus-PS-MS-GS-CP-mai-juin-2026.pdf\" class=\"gde-link\">T\u00e9l\u00e9charger (PDF, 803KB)<\/a><\/p>\n<iframe src=\"\/\/docs.google.com\/viewer?url=https%3A%2F%2Freze-steanne-stjoseph.fr%2Fwp-content%2Fuploads%2F2026%2F04%2FMenus-CE1-CE2-CM1-CM2-mai-juin-2026.pdf&hl=fr&embedded=true\" class=\"gde-frame\" style=\"width:100%; height:500px; border: none;\" scrolling=\"no\"><\/iframe>\n<p class=\"gde-text\"><a href=\"https:\/\/reze-steanne-stjoseph.fr\/wp-content\/uploads\/2026\/04\/Menus-CE1-CE2-CM1-CM2-mai-juin-2026.pdf\" class=\"gde-link\">T\u00e9l\u00e9charger (PDF, 817KB)<\/a><\/p>\n<p>&nbsp;<\/p>\n<div>\n<div>&nbsp;<\/div>\n<\/div>\n","protected":false},"excerpt":{"rendered":"<p>Les enfants d\u00e9jeunent dans l&#8217;enceinte du coll\u00e8ge Ste Anne. C&#8217;est la soci\u00e9t\u00e9 Scolarest qui fournit les repas chaque jour pour [&hellip;]<\/p>\n","protected":false},"author":16,"featured_media":0,"parent":0,"menu_order":0,"comment_status":"closed","ping_status":"closed","template":"","meta":{"_uag_custom_page_level_css":"","site-sidebar-layout":"default","site-content-layout":"","ast-site-content-layout":"default","site-content-style":"default","site-sidebar-style":"default","ast-global-header-display":"","ast-banner-title-visibility":"","ast-main-header-display":"","ast-hfb-above-header-display":"","ast-hfb-below-header-display":"","ast-hfb-mobile-header-display":"","site-post-title":"","ast-breadcrumbs-content":"","ast-featured-img":"","footer-sml-layout":"","ast-disable-related-posts":"","theme-transparent-header-meta":"default","adv-header-id-meta":"","stick-header-meta":"","header-above-stick-meta":"","header-main-stick-meta":"","header-below-stick-meta":"","astra-migrate-meta-layouts":"set","ast-page-background-enabled":"default","ast-page-background-meta":{"desktop":{"background-color":"var(--ast-global-color-5)","background-image":"","background-repeat":"repeat","background-position":"center center","background-size":"auto","background-attachment":"scroll","background-type":"","background-media":"","overlay-type":"","overlay-color":"","overlay-opacity":"","overlay-gradient":""},"tablet":{"background-color":"","background-image":"","background-repeat":"repeat","background-position":"center center","background-size":"auto","background-attachment":"scroll","background-type":"","background-media":"","overlay-type":"","overlay-color":"","overlay-opacity":"","overlay-gradient":""},"mobile":{"background-color":"","background-image":"","background-repeat":"repeat","background-position":"center center","background-size":"auto","background-attachment":"scroll","background-type":"","background-media":"","overlay-type":"","overlay-color":"","overlay-opacity":"","overlay-gradient":""}},"ast-content-background-meta":{"desktop":{"background-color":"var(--ast-global-color-4)","background-image":"","background-repeat":"repeat","background-position":"center center","background-size":"auto","background-attachment":"scroll","background-type":"","background-media":"","overlay-type":"","overlay-color":"","overlay-opacity":"","overlay-gradient":""},"tablet":{"background-color":"var(--ast-global-color-4)","background-image":"","background-repeat":"repeat","background-position":"center center","background-size":"auto","background-attachment":"scroll","background-type":"","background-media":"","overlay-type":"","overlay-color":"","overlay-opacity":"","overlay-gradient":""},"mobile":{"background-color":"var(--ast-global-color-4)","background-image":"","background-repeat":"repeat","background-position":"center center","background-size":"auto","background-attachment":"scroll","background-type":"","background-media":"","overlay-type":"","overlay-color":"","overlay-opacity":"","overlay-gradient":""}},"ngg_post_thumbnail":0,"footnotes":""},"class_list":["post-93","page","type-page","status-publish","hentry"],"uagb_featured_image_src":{"full":false,"thumbnail":false,"medium":false,"medium_large":false,"large":false,"1536x1536":false,"2048x2048":false},"uagb_author_info":{"display_name":"Florise","author_link":"https:\/\/reze-steanne-stjoseph.fr\/?author=16"},"uagb_comment_info":0,"uagb_excerpt":"Les enfants d\u00e9jeunent dans l&#8217;enceinte du coll\u00e8ge Ste Anne. C&#8217;est la soci\u00e9t\u00e9 Scolarest qui fournit les repas chaque jour pour [&hellip;]","_links":{"self":[{"href":"https:\/\/reze-steanne-stjoseph.fr\/index.php?rest_route=\/wp\/v2\/pages\/93","targetHints":{"allow":["GET"]}}],"collection":[{"href":"https:\/\/reze-steanne-stjoseph.fr\/index.php?rest_route=\/wp\/v2\/pages"}],"about":[{"href":"https:\/\/reze-steanne-stjoseph.fr\/index.php?rest_route=\/wp\/v2\/types\/page"}],"author":[{"embeddable":true,"href":"https:\/\/reze-steanne-stjoseph.fr\/index.php?rest_route=\/wp\/v2\/users\/16"}],"replies":[{"embeddable":true,"href":"https:\/\/reze-steanne-stjoseph.fr\/index.php?rest_route=%2Fwp%2Fv2%2Fcomments&post=93"}],"version-history":[{"count":51,"href":"https:\/\/reze-steanne-stjoseph.fr\/index.php?rest_route=\/wp\/v2\/pages\/93\/revisions"}],"predecessor-version":[{"id":13872,"href":"https:\/\/reze-steanne-stjoseph.fr\/index.php?rest_route=\/wp\/v2\/pages\/93\/revisions\/13872"}],"wp:attachment":[{"href":"https:\/\/reze-steanne-stjoseph.fr\/index.php?rest_route=%2Fwp%2Fv2%2Fmedia&parent=93"}],"curies":[{"name":"wp","href":"https:\/\/api.w.org\/{rel}","templated":true}]}}