{"id":9837,"date":"2025-09-22T12:25:59","date_gmt":"2025-09-22T11:25:59","guid":{"rendered":"https:\/\/reze-steanne-stjoseph.fr\/?page_id=9837"},"modified":"2025-09-22T13:50:20","modified_gmt":"2025-09-22T12:50:20","slug":"lequipe-pedagogique","status":"publish","type":"page","link":"https:\/\/reze-steanne-stjoseph.fr\/?page_id=9837","title":{"rendered":"L&#8217;\u00e9quipe p\u00e9dagogique"},"content":{"rendered":"<p>L&#8217;\u00e9quipe p\u00e9dagogique se compose de 12 enseignants dans les classes, 1 enseignante sp\u00e9cialis\u00e9e, 5 ASEM, 2 personnels de surveillance :&nbsp;<\/p>\n<p>PS St\u00e9phanie Heurtin et Maud Romefort (enseignantes) et Fabienne Feugueur (ASEM)<\/p>\n<p>MS St\u00e9phanie Heurtin et Florise Dupanier (enseignantes), Corinne Goulet (ASEM)<\/p>\n<p>GS Agn\u00e8s De Pins (enseignante), Jessica Paul et Lise Bristeau (ASEM)<\/p>\n<p>GS-CP&nbsp; Emilie Le Gledic (enseignante) et Sylvie Launay (ASEM)<\/p>\n<p>CE1 Sylvie Houis et Caroline Petiteau (enseignantes)<\/p>\n<p>CP-CE2 Lucile Chapuis et Christophe Matignon (enseignants)<\/p>\n<p>CE2 Laurence Martinage (enseignante)<\/p>\n<p>CM1 Catherine Fromentin (enseignante)<\/p>\n<p>CM2 Anne Cousseau (enseignante)<\/p>\n<p>C\u00e9line Jouaud (enseignante sp\u00e9cialis\u00e9e pr\u00e9sente 2 demi-journ\u00e9es par semaine)<\/p>\n<p>Amandine Auray et Emma Letellier accompagnent les enfants sur le temps du midi<\/p>\n<p>Du personnel du coll\u00e8ge travaille \u00e9galement aupr\u00e8s des enfants de l&#8217;\u00e9cole sur des temps quotidiens : Shiraz Hamad et Fathya Bertin<\/p>\n","protected":false},"excerpt":{"rendered":"<p>L&#8217;\u00e9quipe p\u00e9dagogique se compose de 12 enseignants dans les classes, 1 enseignante sp\u00e9cialis\u00e9e, 5 ASEM, 2 personnels de surveillance :&nbsp; [&hellip;]<\/p>\n","protected":false},"author":16,"featured_media":0,"parent":0,"menu_order":0,"comment_status":"closed","ping_status":"closed","template":"","meta":{"_uag_custom_page_level_css":"","site-sidebar-layout":"default","site-content-layout":"","ast-site-content-layout":"default","site-content-style":"default","site-sidebar-style":"default","ast-global-header-display":"","ast-banner-title-visibility":"","ast-main-header-display":"","ast-hfb-above-header-display":"","ast-hfb-below-header-display":"","ast-hfb-mobile-header-display":"","site-post-title":"","ast-breadcrumbs-content":"","ast-featured-img":"","footer-sml-layout":"","ast-disable-related-posts":"","theme-transparent-header-meta":"","adv-header-id-meta":"","stick-header-meta":"","header-above-stick-meta":"","header-main-stick-meta":"","header-below-stick-meta":"","astra-migrate-meta-layouts":"default","ast-page-background-enabled":"default","ast-page-background-meta":{"desktop":{"background-color":"var(--ast-global-color-5)","background-image":"","background-repeat":"repeat","background-position":"center center","background-size":"auto","background-attachment":"scroll","background-type":"","background-media":"","overlay-type":"","overlay-color":"","overlay-opacity":"","overlay-gradient":""},"tablet":{"background-color":"","background-image":"","background-repeat":"repeat","background-position":"center center","background-size":"auto","background-attachment":"scroll","background-type":"","background-media":"","overlay-type":"","overlay-color":"","overlay-opacity":"","overlay-gradient":""},"mobile":{"background-color":"","background-image":"","background-repeat":"repeat","background-position":"center center","background-size":"auto","background-attachment":"scroll","background-type":"","background-media":"","overlay-type":"","overlay-color":"","overlay-opacity":"","overlay-gradient":""}},"ast-content-background-meta":{"desktop":{"background-color":"var(--ast-global-color-4)","background-image":"","background-repeat":"repeat","background-position":"center center","background-size":"auto","background-attachment":"scroll","background-type":"","background-media":"","overlay-type":"","overlay-color":"","overlay-opacity":"","overlay-gradient":""},"tablet":{"background-color":"var(--ast-global-color-4)","background-image":"","background-repeat":"repeat","background-position":"center center","background-size":"auto","background-attachment":"scroll","background-type":"","background-media":"","overlay-type":"","overlay-color":"","overlay-opacity":"","overlay-gradient":""},"mobile":{"background-color":"var(--ast-global-color-4)","background-image":"","background-repeat":"repeat","background-position":"center center","background-size":"auto","background-attachment":"scroll","background-type":"","background-media":"","overlay-type":"","overlay-color":"","overlay-opacity":"","overlay-gradient":""}},"ngg_post_thumbnail":0,"footnotes":""},"class_list":["post-9837","page","type-page","status-publish","hentry"],"uagb_featured_image_src":{"full":false,"thumbnail":false,"medium":false,"medium_large":false,"large":false,"1536x1536":false,"2048x2048":false},"uagb_author_info":{"display_name":"Florise","author_link":"https:\/\/reze-steanne-stjoseph.fr\/?author=16"},"uagb_comment_info":0,"uagb_excerpt":"L&#8217;\u00e9quipe p\u00e9dagogique se compose de 12 enseignants dans les classes, 1 enseignante sp\u00e9cialis\u00e9e, 5 ASEM, 2 personnels de surveillance :&nbsp; [&hellip;]","_links":{"self":[{"href":"https:\/\/reze-steanne-stjoseph.fr\/index.php?rest_route=\/wp\/v2\/pages\/9837","targetHints":{"allow":["GET"]}}],"collection":[{"href":"https:\/\/reze-steanne-stjoseph.fr\/index.php?rest_route=\/wp\/v2\/pages"}],"about":[{"href":"https:\/\/reze-steanne-stjoseph.fr\/index.php?rest_route=\/wp\/v2\/types\/page"}],"author":[{"embeddable":true,"href":"https:\/\/reze-steanne-stjoseph.fr\/index.php?rest_route=\/wp\/v2\/users\/16"}],"replies":[{"embeddable":true,"href":"https:\/\/reze-steanne-stjoseph.fr\/index.php?rest_route=%2Fwp%2Fv2%2Fcomments&post=9837"}],"version-history":[{"count":7,"href":"https:\/\/reze-steanne-stjoseph.fr\/index.php?rest_route=\/wp\/v2\/pages\/9837\/revisions"}],"predecessor-version":[{"id":12799,"href":"https:\/\/reze-steanne-stjoseph.fr\/index.php?rest_route=\/wp\/v2\/pages\/9837\/revisions\/12799"}],"wp:attachment":[{"href":"https:\/\/reze-steanne-stjoseph.fr\/index.php?rest_route=%2Fwp%2Fv2%2Fmedia&parent=9837"}],"curies":[{"name":"wp","href":"https:\/\/api.w.org\/{rel}","templated":true}]}}